{"id":55,"date":"2018-01-04T22:33:39","date_gmt":"2018-01-04T22:33:39","guid":{"rendered":"http:\/\/demo.devclick.uk\/accountancy\/?page_id=55"},"modified":"2020-12-10T19:20:18","modified_gmt":"2020-12-10T18:20:18","slug":"about","status":"publish","type":"page","link":"https:\/\/kpt-treuhand.ch\/cms\/about\/","title":{"rendered":"\u00dcber uns"},"content":{"rendered":"<div id=\"pl-55\"  class=\"panel-layout\" ><div id=\"pg-55-0\"  class=\"panel-grid panel-has-style\" ><div data-overlay-color=\"#000000\" class=\"panel-row-style panel-row-style-for-55-0\" ><div id=\"pgc-55-0-0\"  class=\"panel-grid-cell\" ><div id=\"panel-55-0-0-0\" class=\"so-panel widget widget_dc_section_title devclick-section-title panel-first-child\" data-index=\"0\" ><div data-widget-overlay-color=\"#000000\" class=\"panel-widget-style panel-widget-style-for-55-0-0-0\" >\n\t\t\t<div class=\"section-title\">\n\n\t\t\t\t\n\t\t\t\t\t<div class=\"section-title-content\">\n\n\t\t\t\t\n\t\t\t\t\t<div class=\"section-title-title\">\n\t\t\t\t\t\t\t\t\t\t\t\t\t<h2 style=\"color: #014495;\">Firmenportrait<\/h2>\n\t\t\t\t\t\t\t\t\t\t\t<\/div><!-- .section-title-title -->\n\n\t\t\t\t\t\n\t\t\t\t<\/div><!-- .section-title-content -->\n\n\t\t\t<\/div><!-- .section-title -->\n\n\t\t<\/div><\/div><div id=\"panel-55-0-0-1\" class=\"so-panel widget widget_black-studio-tinymce widget_black_studio_tinymce\" data-index=\"1\" ><div data-widget-overlay-color=\"#000000\" class=\"panel-widget-style panel-widget-style-for-55-0-0-1\" ><div class=\"textwidget\"><p>Seit 1983 ist unsere Treuhandgesellschaft in Flawil aktiv. Herr Heinz Kellenberger er\u00f6ffnete dabei gleichzeitig die Raiffeisenbank Flawil. Seit 2007 f\u00fchrt Stefan Kellenberger, der seit 1994 in der Treuhandbranche t\u00e4tig ist, das Treuhandb\u00fcro selbst\u00e4ndig. Heinz ist aber immer noch ein wenig im Gesch\u00e4ft und ist auf Wunsch f\u00fcr seine Kundschaft immer noch erreichbar.<\/p>\n<p>&nbsp;<\/p>\n<p>&nbsp;<\/p>\n<\/div><\/div><\/div><div id=\"panel-55-0-0-2\" class=\"so-panel widget widget_dc_section_title devclick-section-title\" data-index=\"2\" ><div data-widget-overlay-color=\"#000000\" class=\"panel-widget-style panel-widget-style-for-55-0-0-2\" >\n\t\t\t<div class=\"section-title\">\n\n\t\t\t\t\n\t\t\t\t\t<div class=\"section-title-content\">\n\n\t\t\t\t\n\t\t\t\t\t<div class=\"section-title-title\">\n\t\t\t\t\t\t\t\t\t\t\t\t\t<h2 style=\"color: #014495;\">Leistungen<\/h2>\n\t\t\t\t\t\t\t\t\t\t\t<\/div><!-- .section-title-title -->\n\n\t\t\t\t\t\n\t\t\t\t<\/div><!-- .section-title-content -->\n\n\t\t\t<\/div><!-- .section-title -->\n\n\t\t<\/div><\/div><div id=\"panel-55-0-0-3\" class=\"so-panel widget widget_black-studio-tinymce widget_black_studio_tinymce panel-last-child\" data-index=\"3\" ><div data-widget-overlay-color=\"#000000\" class=\"panel-widget-style panel-widget-style-for-55-0-0-3\" ><div class=\"textwidget\"><p>Als Spezialisten sind wir f\u00fcr Klein- und Mittelbetriebe (KMU) aus den verschiedensten Branchen der Wirtschaft t\u00e4tig. Unsere \u00fcberschaubare Gr\u00f6sse sowie laufend aktualisiertes Fachwissen, erg\u00e4nzt mit langj\u00e4hriger Erfahrung, garantieren eine umfassende, pers\u00f6nliche Beratung und Zusammenarbeit. Durch organisatorische Massnahmen und pers\u00f6nliche Integrit\u00e4t unserer Mitarbeiterinnen und Mitarbeiter sind unsere Unabh\u00e4ngigkeit und absolute Diskretion stets gew\u00e4hrleistet.<\/p>\n<\/div><\/div><\/div><\/div><\/div><\/div><div id=\"pg-55-1\"  class=\"panel-grid panel-has-style\" ><div data-overlay-color=\"#000000\" class=\"panel-row-style panel-row-style-for-55-1\" ><div id=\"pgc-55-1-0\"  class=\"panel-grid-cell\" ><div id=\"panel-55-1-0-0\" class=\"so-panel widget widget_dc_section_title devclick-section-title panel-first-child panel-last-child\" data-index=\"4\" ><div data-widget-overlay-color=\"#000000\" class=\"panel-widget-style panel-widget-style-for-55-1-0-0\" >\n\t\t\t<div class=\"section-title\">\n\n\t\t\t\t\n\t\t\t\t\t<div class=\"section-title-content\">\n\n\t\t\t\t\n\t\t\t\t\t<div class=\"section-title-title\">\n\t\t\t\t\t\t\t\t\t\t\t\t\t<h2 style=\"color: #014495;\">Unser Team<\/h2>\n\t\t\t\t\t\t\t\t\t\t\t<\/div><!-- .section-title-title -->\n\n\t\t\t\t\t\n\t\t\t\t<\/div><!-- .section-title-content -->\n\n\t\t\t<\/div><!-- .section-title -->\n\n\t\t<\/div><\/div><\/div><\/div><\/div><div id=\"pg-55-2\"  class=\"panel-grid panel-has-style\" ><div data-overlay-color=\"#000000\" class=\"panel-row-style panel-row-style-for-55-2\" ><div id=\"pgc-55-2-0\"  class=\"panel-grid-cell\" ><div id=\"panel-55-2-0-0\" class=\"so-panel widget widget_dc_featured_team_member devclick-team-member panel-first-child panel-last-child\" data-index=\"5\" ><div data-widget-overlay-color=\"#000000\" class=\"panel-widget-style panel-widget-style-for-55-2-0-0\" >\n\t\t\t<div class=\"team-member text-left team-member-style-two\">\n\n\t\t\t\t\n\t\t\t\t\t<div class=\"team-member-image\">\n\n\t\t\t\t\t\t\t\t\t\t\t\t\t<img decoding=\"async\" src=\"https:\/\/kpt-treuhand.ch\/cms\/wp-content\/uploads\/2018\/01\/1_port_kellenberger.jpg\" alt=\"Stefan Kellenberger\">\n\t\t\t\t\t\t\n\t\t\t\t\t<\/div><!-- .team-member-image -->\n\n\t\t\t\t\n\t\t\t\t<div class=\"team-member-inner\">\n\n\t\t\t\t\t\n\t\t\t\t\t\t<h3>\n\t\t\t\t\t\t\t<a href=\"https:\/\/kpt-treuhand.ch\/cms\/team\/stefan\/\">Stefan Kellenberger<\/a>\n\t\t\t\t\t\t<\/h3>\n\n\t\t\t\t\t\n\t\t\t\t\t\n\t\t\t\t\t\t<div class=\"team-member-position\">\n\t\t\t\t\t\t\t<span>Gesch\u00e4ftsleitung<\/span>\n\t\t\t\t\t\t<\/div><!-- .team-member-position -->\n\n\t\t\t\t\t\n\t\t\t\t\t\n\t\t\t\t\t\t<p> <\/p>\n\n\t\t\t\t\t\n\t\t\t\t\t\t\t\t\t\t\t<div class=\"team-social-icons\">\n\n\t\t\t\t\t\t\t\t\t\t\t\t\t\t\t<a href=\"#\" target=\"_blank\"><i class=\"fa fa-facebook\"><\/i><\/a>\n\t\t\t\t\t\t\t\n\t\t\t\t\t\t\t\n\t\t\t\t\t\t\t\n\t\t\t\t\t\t\t\n\t\t\t\t\t\t\t\t\t\t\t\t\t\t\n\t\t\t\t\t\t<\/div><!-- .team-social-icons -->\n\t\t\t\t\t\n\t\t\t\t<\/div><!-- .team-member-inner -->\n\n\t\t\t<\/div><!-- .team-member -->\n\n\t\t<\/div><\/div><\/div><div id=\"pgc-55-2-1\"  class=\"panel-grid-cell panel-grid-cell-mobile-last\" ><div id=\"panel-55-2-1-0\" class=\"so-panel widget widget_dc_featured_team_member devclick-team-member panel-first-child panel-last-child\" data-index=\"6\" ><div data-widget-overlay-color=\"#000000\" class=\"panel-widget-style panel-widget-style-for-55-2-1-0\" >\n\t\t\t<div class=\"team-member text-left team-member-style-two\">\n\n\t\t\t\t\n\t\t\t\t\t<div class=\"team-member-image\">\n\n\t\t\t\t\t\t\t\t\t\t\t\t\t<img decoding=\"async\" src=\"https:\/\/kpt-treuhand.ch\/cms\/wp-content\/uploads\/2018\/01\/1_port_solenthaler.jpg\" alt=\"\">\n\t\t\t\t\t\t\n\t\t\t\t\t<\/div><!-- .team-member-image -->\n\n\t\t\t\t\n\t\t\t\t<div class=\"team-member-inner\">\n\n\t\t\t\t\t\n\t\t\t\t\t\t<h3>\n\t\t\t\t\t\t\t<a href=\"https:\/\/kpt-treuhand.ch\/cms\/team\/stuart-hales\/\">Beate Solenthaler<\/a>\n\t\t\t\t\t\t<\/h3>\n\n\t\t\t\t\t\n\t\t\t\t\t\n\t\t\t\t\t\t<div class=\"team-member-position\">\n\t\t\t\t\t\t\t<span>Sachbearbeiterin<\/span>\n\t\t\t\t\t\t<\/div><!-- .team-member-position -->\n\n\t\t\t\t\t\n\t\t\t\t\t\n\t\t\t\t\t\t<p> <\/p>\n\n\t\t\t\t\t\n\t\t\t\t\t\t\t\t\t\t\t<div class=\"team-social-icons\">\n\n\t\t\t\t\t\t\t\t\t\t\t\t\t\t\t<a href=\"#\" target=\"_blank\"><i class=\"fa fa-facebook\"><\/i><\/a>\n\t\t\t\t\t\t\t\n\t\t\t\t\t\t\t\n\t\t\t\t\t\t\t\n\t\t\t\t\t\t\t\n\t\t\t\t\t\t\t\t\t\t\t\t\t\t\n\t\t\t\t\t\t<\/div><!-- .team-social-icons -->\n\t\t\t\t\t\n\t\t\t\t<\/div><!-- .team-member-inner -->\n\n\t\t\t<\/div><!-- .team-member -->\n\n\t\t<\/div><\/div><\/div><div id=\"pgc-55-2-2\"  class=\"panel-grid-cell panel-grid-cell-empty\" ><\/div><\/div><\/div><\/div>","protected":false},"excerpt":{"rendered":"<p>Seit 1983 ist unsere Treuhandgesellschaft in Flawil aktiv. Herr Heinz Kellenberger er\u00f6ffnete dabei gleichzeitig die Raiffeisenbank Flawil. Seit 2007 f\u00fchrt Stefan Kellenberger, der seit 1994 in der Treuhandbranche t\u00e4tig ist, das Treuhandb\u00fcro selbst\u00e4ndig. Heinz ist aber immer noch ein wenig im Gesch\u00e4ft und ist auf Wunsch f\u00fcr seine Kundschaft immer noch erreichbar. &nbsp; &nbsp; Als [&hellip;]<\/p>\n","protected":false},"author":1,"featured_media":0,"parent":0,"menu_order":0,"comment_status":"closed","ping_status":"closed","template":"template-full-width.php","meta":{"footnotes":""},"class_list":["post-55","page","type-page","status-publish","hentry"],"_links":{"self":[{"href":"https:\/\/kpt-treuhand.ch\/cms\/wp-json\/wp\/v2\/pages\/55","targetHints":{"allow":["GET"]}}],"collection":[{"href":"https:\/\/kpt-treuhand.ch\/cms\/wp-json\/wp\/v2\/pages"}],"about":[{"href":"https:\/\/kpt-treuhand.ch\/cms\/wp-json\/wp\/v2\/types\/page"}],"author":[{"embeddable":true,"href":"https:\/\/kpt-treuhand.ch\/cms\/wp-json\/wp\/v2\/users\/1"}],"replies":[{"embeddable":true,"href":"https:\/\/kpt-treuhand.ch\/cms\/wp-json\/wp\/v2\/comments?post=55"}],"version-history":[{"count":35,"href":"https:\/\/kpt-treuhand.ch\/cms\/wp-json\/wp\/v2\/pages\/55\/revisions"}],"predecessor-version":[{"id":363,"href":"https:\/\/kpt-treuhand.ch\/cms\/wp-json\/wp\/v2\/pages\/55\/revisions\/363"}],"wp:attachment":[{"href":"https:\/\/kpt-treuhand.ch\/cms\/wp-json\/wp\/v2\/media?parent=55"}],"curies":[{"name":"wp","href":"https:\/\/api.w.org\/{rel}","templated":true}]}}