{"id":555,"date":"2020-12-10T18:27:01","date_gmt":"2020-12-10T17:27:01","guid":{"rendered":"https:\/\/kpt-treuhand.ch\/cms\/?page_id=555"},"modified":"2020-12-10T18:28:40","modified_gmt":"2020-12-10T17:28:40","slug":"partner","status":"publish","type":"page","link":"https:\/\/kpt-treuhand.ch\/cms\/partner\/","title":{"rendered":"Partner"},"content":{"rendered":"<div id=\"pl-555\"  class=\"panel-layout\" ><div id=\"pg-555-0\"  class=\"panel-grid panel-has-style\" ><div data-overlay-color=\"#000000\" class=\"panel-row-style panel-row-style-for-555-0\" ><div id=\"pgc-555-0-0\"  class=\"panel-grid-cell\" ><div id=\"panel-555-0-0-0\" class=\"so-panel widget widget_dc_section_title devclick-section-title panel-first-child\" data-index=\"0\" ><div data-widget-overlay-color=\"#000000\" class=\"panel-widget-style panel-widget-style-for-555-0-0-0\" >\n\t\t\t<div class=\"section-title\">\n\n\t\t\t\t\n\t\t\t\t\t<div class=\"section-title-content\">\n\n\t\t\t\t\n\t\t\t\t\t<div class=\"section-title-title\">\n\t\t\t\t\t\t\t\t\t\t\t\t\t<h2 style=\"color: #014495;\">Unsere Partner<\/h2>\n\t\t\t\t\t\t\t\t\t\t\t<\/div><!-- .section-title-title -->\n\n\t\t\t\t\t\n\t\t\t\t<\/div><!-- .section-title-content -->\n\n\t\t\t<\/div><!-- .section-title -->\n\n\t\t<\/div><\/div><div id=\"panel-555-0-0-1\" class=\"so-panel widget widget_black-studio-tinymce widget_black_studio_tinymce panel-last-child\" data-index=\"1\" ><div data-widget-overlay-color=\"#000000\" class=\"panel-widget-style panel-widget-style-for-555-0-0-1\" ><div class=\"textwidget\"><p>Als dipl. Treuhandexperten wissen wir Vieles, ist unsere Ausbildung doch exakt darauf ausgerichtet.<\/p>\n<p>Doch \u00fcberall dort, wo Spezialwissen gefragt oder von Gesetzes wegen vorgeschrieben ist, ziehen wir spezialisierte Partner bei wie z.B. einen Rechtsanwalt, Steuerexperte, Wirschaftspr\u00fcfer, EDV-Spezialisten, Versicherungsexperten etc. Dabei w\u00e4hlen wir nicht einfach einen Kollegen unsererseits aus, nein wir w\u00e4hlen gezielt mit Ihnen den entsprechenden Fachmann aus. Deshalb lehnen wir ensprechende Provisionenzahlungen an uns ab. Wir sind neutral und unabh\u00e4ngig.<\/p>\n<\/div><\/div><\/div><\/div><div id=\"pgc-555-0-1\"  class=\"panel-grid-cell\" ><div id=\"panel-555-0-1-0\" class=\"so-panel widget widget_black-studio-tinymce widget_black_studio_tinymce panel-first-child panel-last-child\" data-index=\"2\" ><div data-widget-overlay-color=\"#000000\" class=\"panel-widget-style panel-widget-style-for-555-0-1-0\" ><div class=\"textwidget\"><p><img loading=\"lazy\" decoding=\"async\" class=\"alignnone wp-image-514 size-full\" src=\"https:\/\/kpt-treuhand.ch\/cms\/wp-content\/uploads\/2018\/01\/case-study-4-1.jpg\" alt=\"\" width=\"720\" height=\"431\" srcset=\"https:\/\/kpt-treuhand.ch\/cms\/wp-content\/uploads\/2018\/01\/case-study-4-1.jpg 720w, https:\/\/kpt-treuhand.ch\/cms\/wp-content\/uploads\/2018\/01\/case-study-4-1-300x180.jpg 300w\" sizes=\"auto, (max-width: 720px) 100vw, 720px\" \/><\/p>\n<\/div><\/div><\/div><\/div><\/div><\/div><\/div>","protected":false},"excerpt":{"rendered":"<p>Als dipl. Treuhandexperten wissen wir Vieles, ist unsere Ausbildung doch exakt darauf ausgerichtet. Doch \u00fcberall dort, wo Spezialwissen gefragt oder von Gesetzes wegen vorgeschrieben ist, ziehen wir spezialisierte Partner bei wie z.B. einen Rechtsanwalt, Steuerexperte, Wirschaftspr\u00fcfer, EDV-Spezialisten, Versicherungsexperten etc. Dabei w\u00e4hlen wir nicht einfach einen Kollegen unsererseits aus, nein wir w\u00e4hlen gezielt mit Ihnen den [&hellip;]<\/p>\n","protected":false},"author":1,"featured_media":0,"parent":0,"menu_order":0,"comment_status":"closed","ping_status":"closed","template":"","meta":{"footnotes":""},"class_list":["post-555","page","type-page","status-publish","hentry"],"_links":{"self":[{"href":"https:\/\/kpt-treuhand.ch\/cms\/wp-json\/wp\/v2\/pages\/555","targetHints":{"allow":["GET"]}}],"collection":[{"href":"https:\/\/kpt-treuhand.ch\/cms\/wp-json\/wp\/v2\/pages"}],"about":[{"href":"https:\/\/kpt-treuhand.ch\/cms\/wp-json\/wp\/v2\/types\/page"}],"author":[{"embeddable":true,"href":"https:\/\/kpt-treuhand.ch\/cms\/wp-json\/wp\/v2\/users\/1"}],"replies":[{"embeddable":true,"href":"https:\/\/kpt-treuhand.ch\/cms\/wp-json\/wp\/v2\/comments?post=555"}],"version-history":[{"count":11,"href":"https:\/\/kpt-treuhand.ch\/cms\/wp-json\/wp\/v2\/pages\/555\/revisions"}],"predecessor-version":[{"id":558,"href":"https:\/\/kpt-treuhand.ch\/cms\/wp-json\/wp\/v2\/pages\/555\/revisions\/558"}],"wp:attachment":[{"href":"https:\/\/kpt-treuhand.ch\/cms\/wp-json\/wp\/v2\/media?parent=555"}],"curies":[{"name":"wp","href":"https:\/\/api.w.org\/{rel}","templated":true}]}}