{"id":570,"date":"2020-12-10T18:32:37","date_gmt":"2020-12-10T17:32:37","guid":{"rendered":"https:\/\/kpt-treuhand.ch\/cms\/?page_id=570"},"modified":"2020-12-10T22:27:01","modified_gmt":"2020-12-10T21:27:01","slug":"home","status":"publish","type":"page","link":"https:\/\/kpt-treuhand.ch\/cms\/","title":{"rendered":"Home"},"content":{"rendered":"<div id=\"pl-570\"  class=\"panel-layout\" ><div id=\"pg-570-0\"  class=\"panel-grid panel-has-style\" ><div data-overlay-color=\"#000000\" class=\"panel-row-style panel-row-style-for-570-0\" ><div id=\"pgc-570-0-0\"  class=\"panel-grid-cell\" ><div id=\"panel-570-0-0-0\" class=\"so-panel widget widget_dc_section_title devclick-section-title panel-first-child panel-last-child\" data-index=\"0\" ><div data-widget-overlay-color=\"#000000\" class=\"panel-widget-style panel-widget-style-for-570-0-0-0\" >\n\t\t\t<div class=\"section-title\">\n\n\t\t\t\t\n\t\t\t\t\t<div class=\"section-title-content section-title-sst\">\n\n\t\t\t\t\n\t\t\t\t\t<div class=\"section-title-title\">\n\t\t\t\t\t\t\t\t\t\t\t\t\t<h2 style=\"color: #014495;\">Aktuell<\/h2>\n\t\t\t\t\t\t\t\t\t\t\t<\/div><!-- .section-title-title -->\n\n\t\t\t\t\t\n\t\t\t\t\t\t<div class=\"section-sub-title\">\n\t\t\t\t\t\t\t\t\t\t\t\t\t\t\t<span style=\"color: #3f3f3f;\">Wir sind Ihr unabh\u00e4ngiger Partner in den Bereichen Treuhand, Steuererberatung, Buchhaltung, Revision, Firmengr\u00fcndung, Liegenschaftsverwaltung und Erbteilung.<\/span>\n\t\t\t\t\t\t\t\n\t\t\t\t\t\t<\/div><!-- .section-sub-title -->\n\t\t\t\t\t\t\n\t\t\t\t\t\n\t\t\t\t<\/div><!-- .section-title-content -->\n\n\t\t\t<\/div><!-- .section-title -->\n\n\t\t<\/div><\/div><\/div><\/div><\/div><div id=\"pg-570-1\"  class=\"panel-grid panel-has-style\" ><div data-overlay-color=\"#000000\" class=\"panel-row-style panel-row-style-for-570-1\" ><div id=\"pgc-570-1-0\"  class=\"panel-grid-cell\" ><div id=\"panel-570-1-0-0\" class=\"so-panel widget widget_dc_recent_posts devclick-recent-posts panel-first-child panel-last-child\" data-index=\"1\" ><div data-widget-overlay-color=\"#000000\" class=\"panel-widget-style panel-widget-style-for-570-1-0-0\" >\n\t\t\t<div class=\"row\">\n\n\t\t\t\t\n\t\t\t\t<div class=\"recent-post-wrapper col-sm-12 col-md-6 text-left recent-post-style-two\">\n\n\t\t\t\t\t<article class=\"recent-post\">\n\n\t\t\t\t\t\t\n\t\t\t\t\t\t<div class=\"recent-post-inner\">\n\n\t\t\t\t\t\t\t<h3>\n\t\t\t\t\t\t\t\t<a href=\"https:\/\/kpt-treuhand.ch\/cms\/2024\/02\/27\/steuererklaerung\/\">Steuererkl\u00e4rung<\/a>\n\t\t\t\t\t\t\t<\/h3>\n\n\t\t\t\t\t\t\t\n\t\t\t\t\t\t\t\t<div class=\"recent-post-date\">\n\t\t\t\t\t\t\t\t\t<span>27. Februar 2024<\/span>\n\t\t\t\t\t\t\t\t<\/div><!-- .post-date -->\n\n\t\t\t\t\t\t\t\n\t\t\t\t\t\t\t<p>\n\t\t                        Gerne stellen wir Ihnen ein Merkblatt mit den ben\u00f6tigten Unterlagen f\u00fcr das Ausf\u00fcllen der Steuererkl\u00e4rung zur Verf\u00fcgung....\t\t                    <\/p>\n\n\t\t\t\t\t\t\t<a href=\"https:\/\/kpt-treuhand.ch\/cms\/2024\/02\/27\/steuererklaerung\/\">Mehr...<\/a>\n\n\t\t\t\t\t\t<\/div><!-- .recent-post-inner -->\n\n\t\t\t\t\t<\/article><!-- .recent-post -->\n\n\t\t\t\t<\/div><!-- .col -->\n\n\t\t\t\t\n\t\t\t\t<div class=\"recent-post-wrapper col-sm-12 col-md-6 text-left recent-post-style-two\">\n\n\t\t\t\t\t<article class=\"recent-post\">\n\n\t\t\t\t\t\t\n\t\t\t\t\t\t<div class=\"recent-post-inner\">\n\n\t\t\t\t\t\t\t<h3>\n\t\t\t\t\t\t\t\t<a href=\"https:\/\/kpt-treuhand.ch\/cms\/2020\/12\/10\/jahresabschluss\/\">Jahresabschluss<\/a>\n\t\t\t\t\t\t\t<\/h3>\n\n\t\t\t\t\t\t\t\n\t\t\t\t\t\t\t\t<div class=\"recent-post-date\">\n\t\t\t\t\t\t\t\t\t<span>10. Dezember 2020<\/span>\n\t\t\t\t\t\t\t\t<\/div><!-- .post-date -->\n\n\t\t\t\t\t\t\t\n\t\t\t\t\t\t\t<p>\n\t\t                        Damit ein Jahresabschluss korrekt erstellt werden kann, werden einige Unterlagen ben\u00f6tigt. Bitte beachten Sie dazu untenstehendes...\t\t                    <\/p>\n\n\t\t\t\t\t\t\t<a href=\"https:\/\/kpt-treuhand.ch\/cms\/2020\/12\/10\/jahresabschluss\/\">Mehr...<\/a>\n\n\t\t\t\t\t\t<\/div><!-- .recent-post-inner -->\n\n\t\t\t\t\t<\/article><!-- .recent-post -->\n\n\t\t\t\t<\/div><!-- .col -->\n\n\t\t\t\t\n\t\t\t<\/div><!-- .row -->\n\n\t\t<\/div><\/div><\/div><\/div><\/div><div id=\"pg-570-2\"  class=\"panel-grid panel-has-style\" ><div class=\"siteorigin-panels-stretch panel-row-style panel-row-style-for-570-2\" data-stretch-type=\"full\" data-overlay-color=\"#000000\" ><div id=\"pgc-570-2-0\"  class=\"panel-grid-cell\" ><div id=\"panel-570-2-0-0\" class=\"so-panel widget widget_dc_section_title devclick-section-title panel-first-child panel-last-child\" data-index=\"2\" ><div data-widget-overlay-color=\"#000000\" class=\"panel-widget-style panel-widget-style-for-570-2-0-0\" >\n\t\t\t<div class=\"section-title\">\n\n\t\t\t\t\n\t\t\t\t\t<div class=\"section-title-content\">\n\n\t\t\t\t\n\t\t\t\t\t<div class=\"section-title-title\">\n\t\t\t\t\t\t\t\t\t\t\t\t\t<h2 style=\"color: #ffffff;\">Warum sie uns vertrauen k\u00f6nnen.<\/h2>\n\t\t\t\t\t\t\t\t\t\t\t<\/div><!-- .section-title-title -->\n\n\t\t\t\t\t\n\t\t\t\t<\/div><!-- .section-title-content -->\n\n\t\t\t<\/div><!-- .section-title -->\n\n\t\t<\/div><\/div><\/div><\/div><\/div><div id=\"pg-570-3\"  class=\"panel-grid panel-has-style\" ><div class=\"siteorigin-panels-stretch panel-row-style panel-row-style-for-570-3\" data-stretch-type=\"full\" data-overlay-color=\"#000000\" ><div id=\"pgc-570-3-0\"  class=\"panel-grid-cell\" ><div id=\"panel-570-3-0-0\" class=\"so-panel widget widget_dc_icon_box devclick-icon-box panel-first-child panel-last-child\" data-index=\"3\" ><div data-widget-overlay-color=\"#000000\" class=\"panel-widget-style panel-widget-style-for-570-3-0-0\" >\n\t\t\t\n\t\t\t\t<div class=\"icon-box icon-pad icon-box-style-one text-centre\" style=\"background: #ffffff;\">\n\n\t\t\t\t\t\t\n\t\t\t\t\n\t\t\t\t\t\t<div class=\"icon-box-icon icon-small\">\n\t\t\t\t\t\t\t<i class=\"fa fa-hand-pointer-o\" style=\"color: #00a5de;\"><\/i>\n\t\t\t\t\t\t<\/div><!-- .icon-box-icon -->\n\n\t\t\t\t\t\t<div class=\"icon-box-content\">\n\t\t\t\t\t\t\t<h3 style=\"color: #014495;\">Erfahrung<\/h3>\n\t\t\t\t\t\t\t<p style=\"color: #9099a2;\">Unsere jahrelange Erfahrung in Buchhaltung und Steuerberatung.<\/p>\n\t\t\t\t\t\t<\/div><!-- .icon-box-content -->\n\n\t\t\t\t\n\t\t\t<\/div><!-- .icon-box -->\n\n\t\t<\/div><\/div><\/div><div id=\"pgc-570-3-1\"  class=\"panel-grid-cell\" ><div id=\"panel-570-3-1-0\" class=\"so-panel widget widget_dc_icon_box devclick-icon-box panel-first-child panel-last-child\" data-index=\"4\" ><div data-widget-overlay-color=\"#000000\" class=\"panel-widget-style panel-widget-style-for-570-3-1-0\" >\n\t\t\t\n\t\t\t\t<div class=\"icon-box icon-pad icon-box-style-one text-centre\" style=\"background: #ffffff;\">\n\n\t\t\t\t\t\t\n\t\t\t\t\n\t\t\t\t\t\t<div class=\"icon-box-icon icon-small\">\n\t\t\t\t\t\t\t<i class=\"fa fa-at\" style=\"color: #00a5de;\"><\/i>\n\t\t\t\t\t\t<\/div><!-- .icon-box-icon -->\n\n\t\t\t\t\t\t<div class=\"icon-box-content\">\n\t\t\t\t\t\t\t<h3 style=\"color: #163650;\">Kommunikation<\/h3>\n\t\t\t\t\t\t\t<p style=\"color: #9099a2;\">Wir kommunizieren mit unseren Kunden per Telefon und Mail.<\/p>\n\t\t\t\t\t\t<\/div><!-- .icon-box-content -->\n\n\t\t\t\t\n\t\t\t<\/div><!-- .icon-box -->\n\n\t\t<\/div><\/div><\/div><div id=\"pgc-570-3-2\"  class=\"panel-grid-cell\" ><div id=\"panel-570-3-2-0\" class=\"so-panel widget widget_dc_icon_box devclick-icon-box panel-first-child panel-last-child\" data-index=\"5\" ><div data-widget-overlay-color=\"#000000\" class=\"panel-widget-style panel-widget-style-for-570-3-2-0\" >\n\t\t\t\n\t\t\t\t<div class=\"icon-box icon-pad icon-box-style-one text-centre\" style=\"background: #ffffff;\">\n\n\t\t\t\t\t\t\n\t\t\t\t\n\t\t\t\t\t\t<div class=\"icon-box-icon icon-small\">\n\t\t\t\t\t\t\t<i class=\"fa fa-bars\" style=\"color: #00a5de;\"><\/i>\n\t\t\t\t\t\t<\/div><!-- .icon-box-icon -->\n\n\t\t\t\t\t\t<div class=\"icon-box-content\">\n\t\t\t\t\t\t\t<h3 style=\"color: #163650;\">Hilfestellung<\/h3>\n\t\t\t\t\t\t\t<p style=\"color: #9099a2;\">Unser Know-How geht weit \u00fcber das gelernte hinaus.<\/p>\n\t\t\t\t\t\t<\/div><!-- .icon-box-content -->\n\n\t\t\t\t\n\t\t\t<\/div><!-- .icon-box -->\n\n\t\t<\/div><\/div><\/div><\/div><\/div><div id=\"pg-570-4\"  class=\"panel-grid panel-has-style\" ><div class=\"siteorigin-panels-stretch panel-row-style panel-row-style-for-570-4\" data-stretch-type=\"full\" data-overlay-color=\"#000000\" ><div id=\"pgc-570-4-0\"  class=\"panel-grid-cell\" ><div id=\"panel-570-4-0-0\" class=\"so-panel widget widget_black-studio-tinymce widget_black_studio_tinymce panel-first-child panel-last-child\" data-index=\"6\" ><div data-widget-overlay-color=\"#000000\" class=\"panel-widget-style panel-widget-style-for-570-4-0-0\" ><div class=\"textwidget\"><p style=\"height:681px;\">&nbsp;<\/p>\n<\/div><\/div><\/div><\/div><\/div><\/div><\/div>","protected":false},"excerpt":{"rendered":"<p>Aktuell Wir sind Ihr unabh\u00e4ngiger Partner in den Bereichen Treuhand, Steuererberatung, Buchhaltung, Revision, Firmengr\u00fcndung, Liegenschaftsverwaltung und Erbteilung. Steuererkl\u00e4rung 27. Februar 2024 Gerne stellen wir Ihnen ein Merkblatt mit den ben\u00f6tigten Unterlagen f\u00fcr das Ausf\u00fcllen der Steuererkl\u00e4rung zur Verf\u00fcgung&#8230;. Mehr&#8230; Jahresabschluss 10. Dezember 2020 Damit ein Jahresabschluss korrekt erstellt werden kann, werden einige Unterlagen ben\u00f6tigt. Bitte [&hellip;]<\/p>\n","protected":false},"author":1,"featured_media":0,"parent":0,"menu_order":0,"comment_status":"closed","ping_status":"closed","template":"template-front-slider.php","meta":{"footnotes":""},"class_list":["post-570","page","type-page","status-publish","hentry"],"_links":{"self":[{"href":"https:\/\/kpt-treuhand.ch\/cms\/wp-json\/wp\/v2\/pages\/570","targetHints":{"allow":["GET"]}}],"collection":[{"href":"https:\/\/kpt-treuhand.ch\/cms\/wp-json\/wp\/v2\/pages"}],"about":[{"href":"https:\/\/kpt-treuhand.ch\/cms\/wp-json\/wp\/v2\/types\/page"}],"author":[{"embeddable":true,"href":"https:\/\/kpt-treuhand.ch\/cms\/wp-json\/wp\/v2\/users\/1"}],"replies":[{"embeddable":true,"href":"https:\/\/kpt-treuhand.ch\/cms\/wp-json\/wp\/v2\/comments?post=570"}],"version-history":[{"count":47,"href":"https:\/\/kpt-treuhand.ch\/cms\/wp-json\/wp\/v2\/pages\/570\/revisions"}],"predecessor-version":[{"id":671,"href":"https:\/\/kpt-treuhand.ch\/cms\/wp-json\/wp\/v2\/pages\/570\/revisions\/671"}],"wp:attachment":[{"href":"https:\/\/kpt-treuhand.ch\/cms\/wp-json\/wp\/v2\/media?parent=570"}],"curies":[{"name":"wp","href":"https:\/\/api.w.org\/{rel}","templated":true}]}}