{"id":69,"date":"2018-01-04T22:35:08","date_gmt":"2018-01-04T22:35:08","guid":{"rendered":"http:\/\/demo.devclick.uk\/accountancy\/?page_id=69"},"modified":"2020-12-10T22:18:51","modified_gmt":"2020-12-10T21:18:51","slug":"leistungen","status":"publish","type":"page","link":"https:\/\/kpt-treuhand.ch\/cms\/leistungen\/","title":{"rendered":"Leistungen"},"content":{"rendered":"<div id=\"pl-69\"  class=\"panel-layout\" ><div id=\"pg-69-0\"  class=\"panel-grid panel-has-style\" ><div data-overlay-color=\"#000000\" class=\"panel-row-style panel-row-style-for-69-0\" ><div id=\"pgc-69-0-0\"  class=\"panel-grid-cell\" ><div id=\"panel-69-0-0-0\" class=\"so-panel widget widget_dc_featured_service devclick-featured-service panel-first-child\" data-index=\"0\" ><div data-widget-overlay-color=\"#000000\" class=\"panel-widget-style panel-widget-style-for-69-0-0-0\" >\n\t\t\t<article class=\"featured-service featured-service-style-two\">\n\n\t\t\t\t\t\t\t\t\t<a href=\"https:\/\/kpt-treuhand.ch\/cms\/service\/tax-advice\/\" class=\"featured-service-image\">\n\t\t\t\t\t\t<img decoding=\"async\" src=\"https:\/\/kpt-treuhand.ch\/cms\/wp-content\/uploads\/2018\/01\/service-1.jpg\" alt=\"\">\n\t\t\t\t\t<\/a>\n\t\t\t\t\n\t\t\t\t<div class=\"featured-service-inner text-left\">\n\n\t\t\t\t\t<h3>\n\t\t\t\t\t\t<a href=\"https:\/\/kpt-treuhand.ch\/cms\/service\/tax-advice\/\">Firmengr\u00fcndung<\/a>\n\t\t\t\t\t<\/h3>\n\n\t\t\t\t\t\t\t\t\t\t\t\t\t\t\t\t\t\t<p>Bei der Gr\u00fcndungsberatung geht es unter anderem um die Bestimmung...<\/p>\n\t\t\t\t\t\t\t\t\t\t\t\n\t\t\t\t\t\t\t\t\t\t\t<a href=\"https:\/\/kpt-treuhand.ch\/cms\/service\/tax-advice\/\" class=\"featured-service-link\">Mehr...<\/a>\n\t\t\t\t\t\n\t\t\t\t<\/div><!-- .featured-service-inner -->\n\n\t\t\t<\/article><!-- .featured-service -->\n\n\t\t<\/div><\/div><div id=\"panel-69-0-0-1\" class=\"so-panel widget widget_dc_featured_service devclick-featured-service panel-last-child\" data-index=\"1\" ><div data-widget-overlay-color=\"#000000\" class=\"panel-widget-style panel-widget-style-for-69-0-0-1\" >\n\t\t\t<article class=\"featured-service featured-service-style-two\">\n\n\t\t\t\t\t\t\t\t\t<a href=\"https:\/\/kpt-treuhand.ch\/cms\/service\/steuerberatung\/\" class=\"featured-service-image\">\n\t\t\t\t\t\t<img decoding=\"async\" src=\"https:\/\/kpt-treuhand.ch\/cms\/wp-content\/uploads\/2018\/01\/service-5.jpg\" alt=\"\">\n\t\t\t\t\t<\/a>\n\t\t\t\t\n\t\t\t\t<div class=\"featured-service-inner text-left\">\n\n\t\t\t\t\t<h3>\n\t\t\t\t\t\t<a href=\"https:\/\/kpt-treuhand.ch\/cms\/service\/steuerberatung\/\">Steuerberatung<\/a>\n\t\t\t\t\t<\/h3>\n\n\t\t\t\t\t\t\t\t\t\t\t\t\t\t\t\t\t\t<p>&quot;Wer langfristig denkt, kann Sparpotenziale ausn\u00fctzen und...<\/p>\n\t\t\t\t\t\t\t\t\t\t\t\n\t\t\t\t\t\t\t\t\t\t\t<a href=\"https:\/\/kpt-treuhand.ch\/cms\/service\/steuerberatung\/\" class=\"featured-service-link\">Mehr...<\/a>\n\t\t\t\t\t\n\t\t\t\t<\/div><!-- .featured-service-inner -->\n\n\t\t\t<\/article><!-- .featured-service -->\n\n\t\t<\/div><\/div><\/div><div id=\"pgc-69-0-1\"  class=\"panel-grid-cell\" ><div id=\"panel-69-0-1-0\" class=\"so-panel widget widget_dc_featured_service devclick-featured-service panel-first-child\" data-index=\"2\" ><div data-widget-overlay-color=\"#000000\" class=\"panel-widget-style panel-widget-style-for-69-0-1-0\" >\n\t\t\t<article class=\"featured-service featured-service-style-two\">\n\n\t\t\t\t\t\t\t\t\t<a href=\"https:\/\/kpt-treuhand.ch\/cms\/service\/bookkeeping\/\" class=\"featured-service-image\">\n\t\t\t\t\t\t<img decoding=\"async\" src=\"https:\/\/kpt-treuhand.ch\/cms\/wp-content\/uploads\/2018\/01\/service-3.jpg\" alt=\"\">\n\t\t\t\t\t<\/a>\n\t\t\t\t\n\t\t\t\t<div class=\"featured-service-inner text-left\">\n\n\t\t\t\t\t<h3>\n\t\t\t\t\t\t<a href=\"https:\/\/kpt-treuhand.ch\/cms\/service\/bookkeeping\/\">Buchhaltung<\/a>\n\t\t\t\t\t<\/h3>\n\n\t\t\t\t\t\t\t\t\t\t\t\t\t\t\t\t\t\t<p>Steuergerechtes und rationelles F\u00fchren von Buchhaltungen...<\/p>\n\t\t\t\t\t\t\t\t\t\t\t\n\t\t\t\t\t\t\t\t\t\t\t<a href=\"https:\/\/kpt-treuhand.ch\/cms\/service\/bookkeeping\/\" class=\"featured-service-link\">Mehr...<\/a>\n\t\t\t\t\t\n\t\t\t\t<\/div><!-- .featured-service-inner -->\n\n\t\t\t<\/article><!-- .featured-service -->\n\n\t\t<\/div><\/div><div id=\"panel-69-0-1-1\" class=\"so-panel widget widget_dc_featured_service devclick-featured-service panel-last-child\" data-index=\"3\" ><div data-widget-overlay-color=\"#000000\" class=\"panel-widget-style panel-widget-style-for-69-0-1-1\" >\n\t\t\t<article class=\"featured-service featured-service-style-two\">\n\n\t\t\t\t\t\t\t\t\t<a href=\"https:\/\/kpt-treuhand.ch\/cms\/service\/payroll\/\" class=\"featured-service-image\">\n\t\t\t\t\t\t<img decoding=\"async\" src=\"https:\/\/kpt-treuhand.ch\/cms\/wp-content\/uploads\/2018\/01\/service-6.jpg\" alt=\"\">\n\t\t\t\t\t<\/a>\n\t\t\t\t\n\t\t\t\t<div class=\"featured-service-inner text-left\">\n\n\t\t\t\t\t<h3>\n\t\t\t\t\t\t<a href=\"https:\/\/kpt-treuhand.ch\/cms\/service\/payroll\/\">Jungunternehmer<\/a>\n\t\t\t\t\t<\/h3>\n\n\t\t\t\t\t\t\t\t\t\t\t\t\t\t\t\t\t\t<p>Sind Sie noch nicht selbst\u00e4ndig t\u00e4tig und haben eine\u00a0Gesch\u00e4ftsidee?\n\nGerne...<\/p>\n\t\t\t\t\t\t\t\t\t\t\t\n\t\t\t\t\t\t\t\t\t\t\t<a href=\"https:\/\/kpt-treuhand.ch\/cms\/service\/payroll\/\" class=\"featured-service-link\">Mehr...<\/a>\n\t\t\t\t\t\n\t\t\t\t<\/div><!-- .featured-service-inner -->\n\n\t\t\t<\/article><!-- .featured-service -->\n\n\t\t<\/div><\/div><\/div><div id=\"pgc-69-0-2\"  class=\"panel-grid-cell\" ><div id=\"panel-69-0-2-0\" class=\"so-panel widget widget_dc_featured_service devclick-featured-service panel-first-child\" data-index=\"4\" ><div data-widget-overlay-color=\"#000000\" class=\"panel-widget-style panel-widget-style-for-69-0-2-0\" >\n\t\t\t<article class=\"featured-service featured-service-style-two\">\n\n\t\t\t\t\t\t\t\t\t<a href=\"https:\/\/kpt-treuhand.ch\/cms\/service\/financial-services\/\" class=\"featured-service-image\">\n\t\t\t\t\t\t<img decoding=\"async\" src=\"https:\/\/kpt-treuhand.ch\/cms\/wp-content\/uploads\/2018\/01\/service-2.jpg\" alt=\"\">\n\t\t\t\t\t<\/a>\n\t\t\t\t\n\t\t\t\t<div class=\"featured-service-inner text-left\">\n\n\t\t\t\t\t<h3>\n\t\t\t\t\t\t<a href=\"https:\/\/kpt-treuhand.ch\/cms\/service\/financial-services\/\">Liegenschaftsverwaltung<\/a>\n\t\t\t\t\t<\/h3>\n\n\t\t\t\t\t\t\t\t\t\t\t\t\t\t\t\t\t\t<p>Gerne \u00fcbernehmen wir die Verwaltung f\u00fcr Ihre Mietliegenschaften...<\/p>\n\t\t\t\t\t\t\t\t\t\t\t\n\t\t\t\t\t\t\t\t\t\t\t<a href=\"https:\/\/kpt-treuhand.ch\/cms\/service\/financial-services\/\" class=\"featured-service-link\">Mehr...<\/a>\n\t\t\t\t\t\n\t\t\t\t<\/div><!-- .featured-service-inner -->\n\n\t\t\t<\/article><!-- .featured-service -->\n\n\t\t<\/div><\/div><div id=\"panel-69-0-2-1\" class=\"so-panel widget widget_dc_featured_service devclick-featured-service panel-last-child\" data-index=\"5\" ><div data-widget-overlay-color=\"#000000\" class=\"panel-widget-style panel-widget-style-for-69-0-2-1\" >\n\t\t\t<article class=\"featured-service featured-service-style-two\">\n\n\t\t\t\t\t\t\t\t\t<a href=\"https:\/\/kpt-treuhand.ch\/cms\/service\/accounting\/\" class=\"featured-service-image\">\n\t\t\t\t\t\t<img decoding=\"async\" src=\"https:\/\/kpt-treuhand.ch\/cms\/wp-content\/uploads\/2018\/01\/service-5.jpg\" alt=\"\">\n\t\t\t\t\t<\/a>\n\t\t\t\t\n\t\t\t\t<div class=\"featured-service-inner text-left\">\n\n\t\t\t\t\t<h3>\n\t\t\t\t\t\t<a href=\"https:\/\/kpt-treuhand.ch\/cms\/service\/accounting\/\">Revisionen<\/a>\n\t\t\t\t\t<\/h3>\n\n\t\t\t\t\t\t\t\t\t\t\t\t\t\t\t\t\t\t<p>Gesetzliche Revisionsstelle f\u00fcr Kapitalgesellschaften (AG, GmbH, Genossenschaften, Stiftungen, etc.)<\/p>\n\t\t\t\t\t\t\t\t\t\t\t\n\t\t\t\t\t\t\t\t\t\t\t<a href=\"https:\/\/kpt-treuhand.ch\/cms\/service\/accounting\/\" class=\"featured-service-link\">Mehr...<\/a>\n\t\t\t\t\t\n\t\t\t\t<\/div><!-- .featured-service-inner -->\n\n\t\t\t<\/article><!-- .featured-service -->\n\n\t\t<\/div><\/div><\/div><\/div><\/div><\/div>","protected":false},"excerpt":{"rendered":"<p>Firmengr\u00fcndung Bei der Gr\u00fcndungsberatung geht es unter anderem um die Bestimmung&#8230; Mehr&#8230; Steuerberatung &quot;Wer langfristig denkt, kann Sparpotenziale ausn\u00fctzen und&#8230; Mehr&#8230; Buchhaltung Steuergerechtes und rationelles F\u00fchren von Buchhaltungen&#8230; Mehr&#8230; Jungunternehmer Sind Sie noch nicht selbst\u00e4ndig t\u00e4tig und haben eine\u00a0Gesch\u00e4ftsidee? Gerne&#8230; Mehr&#8230; Liegenschaftsverwaltung Gerne \u00fcbernehmen wir die Verwaltung f\u00fcr Ihre Mietliegenschaften&#8230; Mehr&#8230; Revisionen Gesetzliche Revisionsstelle f\u00fcr [&hellip;]<\/p>\n","protected":false},"author":1,"featured_media":0,"parent":0,"menu_order":0,"comment_status":"closed","ping_status":"closed","template":"","meta":{"footnotes":""},"class_list":["post-69","page","type-page","status-publish","hentry"],"_links":{"self":[{"href":"https:\/\/kpt-treuhand.ch\/cms\/wp-json\/wp\/v2\/pages\/69","targetHints":{"allow":["GET"]}}],"collection":[{"href":"https:\/\/kpt-treuhand.ch\/cms\/wp-json\/wp\/v2\/pages"}],"about":[{"href":"https:\/\/kpt-treuhand.ch\/cms\/wp-json\/wp\/v2\/types\/page"}],"author":[{"embeddable":true,"href":"https:\/\/kpt-treuhand.ch\/cms\/wp-json\/wp\/v2\/users\/1"}],"replies":[{"embeddable":true,"href":"https:\/\/kpt-treuhand.ch\/cms\/wp-json\/wp\/v2\/comments?post=69"}],"version-history":[{"count":25,"href":"https:\/\/kpt-treuhand.ch\/cms\/wp-json\/wp\/v2\/pages\/69\/revisions"}],"predecessor-version":[{"id":420,"href":"https:\/\/kpt-treuhand.ch\/cms\/wp-json\/wp\/v2\/pages\/69\/revisions\/420"}],"wp:attachment":[{"href":"https:\/\/kpt-treuhand.ch\/cms\/wp-json\/wp\/v2\/media?parent=69"}],"curies":[{"name":"wp","href":"https:\/\/api.w.org\/{rel}","templated":true}]}}